{"id":97,"date":"2013-07-04T02:08:46","date_gmt":"2013-07-04T02:08:46","guid":{"rendered":"https:\/\/operaforacause.com\/?page_id=97"},"modified":"2019-11-17T20:53:01","modified_gmt":"2019-11-18T01:53:01","slug":"bio-pamela-teed","status":"publish","type":"page","link":"https:\/\/operaforacause.com\/?page_id=97","title":{"rendered":"BIO &#8211; Pamela Teed (Soprano)"},"content":{"rendered":"<p><a href=\"https:\/\/operaforacause.com\/wp-content\/uploads\/2013\/07\/PamTeed1.jpg\"><img loading=\"lazy\" class=\"size-medium wp-image-171 alignleft\" src=\"https:\/\/operaforacause.com\/wp-content\/uploads\/2013\/07\/PamTeed1-200x300.jpg\" alt=\"PamTeed1\" width=\"200\" height=\"300\" srcset=\"https:\/\/operaforacause.com\/wp-content\/uploads\/2013\/07\/PamTeed1-200x300.jpg 200w, https:\/\/operaforacause.com\/wp-content\/uploads\/2013\/07\/PamTeed1-685x1024.jpg 685w\" sizes=\"(max-width: 200px) 100vw, 200px\" \/><\/a>Pamela Teed has performed throughout Ontario, in New York and in France (Les nuits musicales de Nice) and holds a Master of Music degree in vocal performance (University of Ottawa).\u00a0 Past performances include Brahms&#8217;\u00a0<i>Ein Deutches Requiem,<\/i>\u00a0Haydn&#8217;s\u00a0<i>Creation\u00a0<\/i>and Honegger&#8217;s\u00a0<i>Le roi David<\/i>.\u00a0 Mrs. Teed began her teaching career in 2007, teaching voice through Laurentian University and throughout the community of Sudbury, Ontario.\u00a0 She was appointed musical director of the Bel Canto Chorus in 2009, and in 2010, she joined the Cambrian College School of Music faculty as director of voice studies.\u00a0\u00a0In 2006, she traveled to Nice, France on a scholarship to study at the Acad\u00e9mie Internationale d&#8217;\u00c9t\u00e9 de Nice with Dalton Baldwin.\u00a0 Pamela was also chosen from an international pool to perform in\u00a0<i>The Song Continues&#8230;,\u00a0<\/i>a public masterclass (with Graham Johnston) hosted by the Weil Music Institute at Carnegie Hall in 2012.\u00a0 To this day, Mrs. Teed enjoys her work as a soloist, as music director of the Bel Canto Chorus, as a clinician, and as a voice teacher and program coordinator for the Music-Performance program at Cambrian College.<\/p>\n<p><a href=\"https:\/\/operaforacause.com\/wp-content\/uploads\/2013\/07\/PamTeed2.jpg\"><img loading=\"lazy\" class=\"size-medium wp-image-172 alignright\" src=\"https:\/\/operaforacause.com\/wp-content\/uploads\/2013\/07\/PamTeed2-200x300.jpg\" alt=\"PamTeed2\" width=\"200\" height=\"300\" srcset=\"https:\/\/operaforacause.com\/wp-content\/uploads\/2013\/07\/PamTeed2-200x300.jpg 200w, https:\/\/operaforacause.com\/wp-content\/uploads\/2013\/07\/PamTeed2-685x1024.jpg 685w\" sizes=\"(max-width: 200px) 100vw, 200px\" \/><\/a><\/p>\n","protected":false},"excerpt":{"rendered":"<p>Pamela Teed has performed throughout Ontario, in New York and in France (Les nuits musicales de Nice) and holds a Master of Music degree in vocal performance (University of Ottawa).\u00a0 Past performances include Brahms&#8217;\u00a0Ein Deutches Requiem,\u00a0Haydn&#8217;s\u00a0Creation\u00a0and Honegger&#8217;s\u00a0Le roi David.\u00a0 Mrs. &hellip; <a href=\"https:\/\/operaforacause.com\/?page_id=97\">Continue reading <span class=\"meta-nav\">&rarr;<\/span><\/a><\/p>\n","protected":false},"author":1,"featured_media":0,"parent":0,"menu_order":52,"comment_status":"closed","ping_status":"closed","template":"","meta":[],"_links":{"self":[{"href":"https:\/\/operaforacause.com\/index.php?rest_route=\/wp\/v2\/pages\/97"}],"collection":[{"href":"https:\/\/operaforacause.com\/index.php?rest_route=\/wp\/v2\/pages"}],"about":[{"href":"https:\/\/operaforacause.com\/index.php?rest_route=\/wp\/v2\/types\/page"}],"author":[{"embeddable":true,"href":"https:\/\/operaforacause.com\/index.php?rest_route=\/wp\/v2\/users\/1"}],"replies":[{"embeddable":true,"href":"https:\/\/operaforacause.com\/index.php?rest_route=%2Fwp%2Fv2%2Fcomments&post=97"}],"version-history":[{"count":9,"href":"https:\/\/operaforacause.com\/index.php?rest_route=\/wp\/v2\/pages\/97\/revisions"}],"predecessor-version":[{"id":4708,"href":"https:\/\/operaforacause.com\/index.php?rest_route=\/wp\/v2\/pages\/97\/revisions\/4708"}],"wp:attachment":[{"href":"https:\/\/operaforacause.com\/index.php?rest_route=%2Fwp%2Fv2%2Fmedia&parent=97"}],"curies":[{"name":"wp","href":"https:\/\/api.w.org\/{rel}","templated":true}]}}